{"id":462,"date":"2018-05-23T13:56:40","date_gmt":"2018-05-23T13:56:40","guid":{"rendered":"http:\/\/bueroservice-hamburg.net\/?page_id=462"},"modified":"2022-10-28T13:59:58","modified_gmt":"2022-10-28T13:59:58","slug":"datenschutzerklaerung","status":"publish","type":"page","link":"https:\/\/mit-dir.care\/?page_id=462","title":{"rendered":"Datenschutzerkl\u00e4rung"},"content":{"rendered":"<p>[vc_row type=&#8220;vc_default&#8220; css=&#8220;.vc_custom_1561649136483{padding-top: 100px !important;}&#8220;][vc_column][vc_btn title=&#8220;zur\u00fcck&#8220; style=&#8220;flat&#8220; color=&#8220;green&#8220; i_icon_fontawesome=&#8220;fa fa-arrow-left&#8220; add_icon=&#8220;true&#8220; link=&#8220;url:https%3A%2F%2Fmit-dir.care%2F|title:Startseite||&#8220;][vc_column_text]<\/p>\n<h1>DATENSCHUTZERKL\u00c4RUNG<\/h1>\n<p>&nbsp;<\/p>\n<p>Verantwortliche Stelle im Sinne der Datenschutzgesetze, insbesondere<br \/>\nder EU-Datenschutzgrundverordnung (DSGVO), ist:<\/p>\n<p>\u201eMit-Dir\u201c GmbH &#8211;\u00a0Unterst\u00fctzung im Alltag<br \/>\nvertreten durch Michael Kobe<br \/>\nM\u00fchlenstra\u00dfe 13a<br \/>\n14532 Stahnsdorf<\/p>\n<h3><strong>IHRE RECHTE AUF AUSKUNFT, BERICHTIGUNG,<\/strong><br \/>\n<strong>SPERRE, L\u00d6SCHUNG UND WIDERSPRUCH<\/strong><\/h3>\n<p>&nbsp;<\/p>\n<p>Unter den unten angegebenen Kontaktdaten unseres Datenschutzbeauftragten k\u00f6nnen Sie jederzeit folgende Rechte aus\u00fcben:<\/p>\n<ul>\n<li>Auskunft \u00fcber Ihre bei uns gespeicherten Daten und deren Verarbeitung,<\/li>\n<li>Berichtigung unrichtiger personenbezogener Daten,<\/li>\n<li>L\u00f6schung Ihrer bei uns gespeicherten Daten,<\/li>\n<li>Einschr\u00e4nkung der Datenverarbeitung, sofern wir Ihre Daten aufgrund gesetzlicher Pflichten noch nicht l\u00f6schen d\u00fcrfen,<\/li>\n<li>Widerspruch gegen die Verarbeitung Ihrer Daten bei uns und<\/li>\n<li>Daten\u00fcbertragbarkeit, sofern Sie in die Datenverarbeitung eingewilligt haben oder einen Vertrag mit uns abgeschlossen haben.<\/li>\n<\/ul>\n<p>Sofern Sie uns eine Einwilligung erteilt haben, k\u00f6nnen Sie diese jederzeit mit Wirkung f\u00fcr die Zukunft widerrufen.<\/p>\n<p>Sie k\u00f6nnen sich jederzeit mit einer Beschwerde an die f\u00fcr Sie zust\u00e4ndige Aufsichtsbeh\u00f6rde wenden. Ihre zust\u00e4ndige Aufsichtsbeh\u00f6rde richtet sich nach dem Bundesland Ihres Wohnsitzes, Ihrer Arbeit oder der mutma\u00dflichen Verletzung. Eine Liste der Aufsichtsbeh\u00f6rden (f\u00fcr den nicht\u00f6ffentlichen Bereich) mit Anschrift finden Sie unter: <a href=\"https:\/\/www.bfdi.bund.de\/DE\/Infothek\/Anschriften_Links\/anschriften_links-node.html\">https:\/\/www.bfdi.bund.de\/DE\/Infothek\/Anschriften_Links\/anschriften_links-node.html<\/a>.<\/p>\n<p>&nbsp;<\/p>\n<h3><\/h3>\n<h3><strong>ZWECKE DER DATENVERARBEITUNG DURCH DIE<\/strong><br \/>\n<strong>VERANTWORTLICHE STELLE UND DRITTE<\/strong><\/h3>\n<p>&nbsp;<\/p>\n<p>Wir verarbeiten Ihre personenbezogenen Daten nur zu den in dieser Datenschutzerkl\u00e4rung genannten Zwecken. Eine \u00dcbermittlung Ihrer pers\u00f6nlichen Daten an Dritte zu anderen als den genannten Zwecken findet nicht statt. Wir geben Ihre pers\u00f6nlichen Daten nur an Dritte weiter, wenn:<\/p>\n<ul>\n<li>Sie Ihre ausdr\u00fcckliche Einwilligung dazu erteilt haben,<\/li>\n<li>die Verarbeitung zur Abwicklung eines Vertrags mit Ihnen erforderlich ist,<\/li>\n<li>die Verarbeitung zur Erf\u00fcllung einer rechtlichen Verpflichtung erforderlich ist,<\/li>\n<\/ul>\n<p>die Verarbeitung zur Wahrung berechtigter Interessen erforderlich ist und kein Grund zur Annahme besteht, dass Sie ein \u00fcberwiegendes schutzw\u00fcrdiges Interesse an der Nichtweitergabe Ihrer Daten haben.<\/p>\n<p>&nbsp;<\/p>\n<h3><\/h3>\n<h3><strong>L\u00d6SCHUNG BZW. SPERRUNG DER DATEN<\/strong><\/h3>\n<p>&nbsp;<\/p>\n<p>Wir halten uns an die Grunds\u00e4tze der Datenvermeidung und Datensparsamkeit. Wir speichern Ihre personenbezogenen Daten daher nur so lange, wie dies zur Erreichung der hier genannten Zwecke erforderlich ist oder wie es die vom Gesetzgeber vorgesehenen vielf\u00e4ltigen Speicherfristen vorsehen. Nach Fortfall des jeweiligen Zweckes bzw. Ablauf dieser Fristen werden die entsprechenden Daten routinem\u00e4\u00dfig und entsprechend den gesetzlichen Vorschriften gesperrt oder gel\u00f6scht.<\/p>\n<p>&nbsp;<\/p>\n<h3><\/h3>\n<h3><strong>ERFASSUNG ALLGEMEINER INFORMATIONEN<\/strong><br \/>\n<strong>BEIM BESUCH UNSERER WEBSITE<\/strong><\/h3>\n<p>&nbsp;<\/p>\n<p>Wenn Sie auf unsere Website zugreifen, werden automatisch mittels eines Cookies Informationen allgemeiner Natur erfasst. Diese Informationen (Server-Logfiles) beinhalten etwa die Art des Webbrowsers, das verwendete Betriebssystem, den Domainnamen Ihres Internet-Service-Providers und \u00e4hnliches. Hierbei handelt es sich ausschlie\u00dflich um Informationen, welche keine R\u00fcckschl\u00fcsse auf Ihre Person zulassen.<\/p>\n<p>Diese Informationen sind technisch notwendig, um von Ihnen angeforderte Inhalte von Webseiten korrekt auszuliefern und fallen bei Nutzung des Internets zwingend an. Sie werden insbesondere zu folgenden Zwecken verarbeitet:<\/p>\n<ul>\n<li>Sicherstellung eines problemlosen Verbindungsaufbaus der Website,<\/li>\n<li>Sicherstellung einer reibungslosen Nutzung unserer Website,<\/li>\n<li>Auswertung der Systemsicherheit und -stabilit\u00e4t sowie<\/li>\n<li>zu weiteren administrativen Zwecken.<\/li>\n<\/ul>\n<p>Die Verarbeitung Ihrer personenbezogenen Daten basiert auf unserem berechtigten Interesse aus den vorgenannten Zwecken zur Datenerhebung. Wir verwenden Ihre Daten nicht, um R\u00fcckschl\u00fcsse auf Ihre Person zu ziehen. Empf\u00e4nger der Daten sind nur die verantwortliche Stelle und ggf. Auftragsverarbeiter.<\/p>\n<p>Anonyme Informationen dieser Art werden von uns ggfs. statistisch ausgewertet, um unseren Internetauftritt und die dahinterstehende Technik zu optimieren.<\/p>\n<p>&nbsp;<\/p>\n<h3><\/h3>\n<h3><strong>KONTAKTFORMULAR<\/strong><\/h3>\n<p>&nbsp;<\/p>\n<p>Treten Sie per E-Mail oder Kontaktformular mit uns in Kontakt, werden die von Ihnen gemachten Angaben zum Zwecke der Bearbeitung der Anfrage sowie f\u00fcr m\u00f6gliche Anschlussfragen gespeichert.<\/p>\n<p>&nbsp;<\/p>\n<h3><\/h3>\n<h3><strong>VERWENDUNG VON SCRIPTBIBLIOTHEKEN (GOOGLE WEBFONTS)<\/strong><\/h3>\n<p>&nbsp;<\/p>\n<p>Um unsere Inhalte browser\u00fcbergreifend korrekt und grafisch ansprechend darzustellen, verwenden wir auf dieser Website Scriptbibliotheken und Schriftbibliotheken wie z. B. Google Webfonts (<a href=\"http:\/\/www.google.com\/webfonts\/\">https:\/\/www.google.com\/webfonts\/<\/a>). Google Webfonts werden zur Vermeidung mehrfachen Ladens in den Cache Ihres Browsers \u00fcbertragen. Falls der Browser die Google Webfonts nicht unterst\u00fctzt oder den Zugriff unterbindet, werden Inhalte in einer Standardschrift angezeigt.<\/p>\n<p>Der Aufruf von Scriptbibliotheken oder Schriftbibliotheken l\u00f6st automatisch eine Verbindung zum Betreiber der Bibliothek aus. Dabei ist es theoretisch m\u00f6glich \u2013 aktuell allerdings auch unklar ob und ggf. zu welchen Zwecken \u2013 dass Betreiber entsprechender Bibliotheken Daten erheben.<\/p>\n<p>Die Datenschutzrichtlinie des Bibliothekbetreibers Google finden Sie hier: <a href=\"https:\/\/www.google.com\/policies\/privacy\/\">https:\/\/www.google.com\/policies\/privacy\/<\/a><\/p>\n<p>&nbsp;<\/p>\n<h3><\/h3>\n<h3><\/h3>\n<h3><strong>\u00c4NDERUNG UNSERER DATENSCHUTZBESTIMMUNGEN<\/strong><\/h3>\n<p>&nbsp;<\/p>\n<p>Wir behalten uns vor, diese Datenschutzerkl\u00e4rung anzupassen, damit sie stets den aktuellen rechtlichen Anforderungen entspricht oder um \u00c4nderungen unserer Leistungen in der Datenschutzerkl\u00e4rung umzusetzen, z.B. bei der Einf\u00fchrung neuer Services. F\u00fcr Ihren erneuten Besuch gilt dann die neue Datenschutzerkl\u00e4rung.<\/p>\n<p>&nbsp;<\/p>\n<h3><\/h3>\n<h3><strong>FRAGEN AN DEN DATENSCHUTZBEAUFTRAGTEN<\/strong><\/h3>\n<p>&nbsp;<\/p>\n<p>Wenn Sie Fragen zum Datenschutz haben, schreiben Sie uns bitte eine E-Mail an:<\/p>\n<p>info@mit-dir.care<\/p>\n<p><i>Die Datenschutzerkl\u00e4rung wurde mit dem <\/i><a href=\"https:\/\/www.activemind.de\/datenschutz\/datenschutzhinweis-generator\/\"><i>Datenschutzerkl\u00e4rungs-Generator der activeMind AG erstellt<\/i><\/a><i>.<\/i>[\/vc_column_text][\/vc_column][\/vc_row]<\/p>\n","protected":false},"excerpt":{"rendered":"<p>[vc_row type=&#8220;vc_default&#8220; css=&#8220;.vc_custom_1561649136483{padding-top: 100px !important;}&#8220;][vc_column][vc_btn title=&#8220;zur\u00fcck&#8220; style=&#8220;flat&#8220; color=&#8220;green&#8220; i_icon_fontawesome=&#8220;fa fa-arrow-left&#8220; add_icon=&#8220;true&#8220; link=&#8220;url:https%3A%2F%2Fmit-dir.care%2F|title:Startseite||&#8220;][vc_column_text] DATENSCHUTZERKL\u00c4RUNG &nbsp; Verantwortliche Stelle im Sinne der Datenschutzgesetze, insbesondere der EU-Datenschutzgrundverordnung (DSGVO), ist: \u201eMit-Dir\u201c GmbH &#8211;\u00a0Unterst\u00fctzung im Alltag vertreten durch Michael Kobe M\u00fchlenstra\u00dfe 13a 14532 Stahnsdorf IHRE RECHTE AUF AUSKUNFT, BERICHTIGUNG, SPERRE, L\u00d6SCHUNG UND WIDERSPRUCH &nbsp; Unter den unten angegebenen Kontaktdaten unseres Datenschutzbeauftragten&hellip;<\/p>\n","protected":false},"author":1,"featured_media":0,"parent":0,"menu_order":0,"comment_status":"closed","ping_status":"closed","template":"template-microsite.php","meta":[],"_links":{"self":[{"href":"https:\/\/mit-dir.care\/index.php?rest_route=\/wp\/v2\/pages\/462"}],"collection":[{"href":"https:\/\/mit-dir.care\/index.php?rest_route=\/wp\/v2\/pages"}],"about":[{"href":"https:\/\/mit-dir.care\/index.php?rest_route=\/wp\/v2\/types\/page"}],"author":[{"embeddable":true,"href":"https:\/\/mit-dir.care\/index.php?rest_route=\/wp\/v2\/users\/1"}],"replies":[{"embeddable":true,"href":"https:\/\/mit-dir.care\/index.php?rest_route=%2Fwp%2Fv2%2Fcomments&post=462"}],"version-history":[{"count":5,"href":"https:\/\/mit-dir.care\/index.php?rest_route=\/wp\/v2\/pages\/462\/revisions"}],"predecessor-version":[{"id":596,"href":"https:\/\/mit-dir.care\/index.php?rest_route=\/wp\/v2\/pages\/462\/revisions\/596"}],"wp:attachment":[{"href":"https:\/\/mit-dir.care\/index.php?rest_route=%2Fwp%2Fv2%2Fmedia&parent=462"}],"curies":[{"name":"wp","href":"https:\/\/api.w.org\/{rel}","templated":true}]}}